{"id":213,"date":"2025-07-30T13:39:01","date_gmt":"2025-07-30T13:39:01","guid":{"rendered":"https:\/\/fsfl.geekdesign.ch\/?page_id=213"},"modified":"2025-11-07T07:48:00","modified_gmt":"2025-11-07T07:48:00","slug":"services","status":"publish","type":"page","link":"https:\/\/fsfl.geekdesign.ch\/de\/services\/","title":{"rendered":"Dienstleistungen"},"content":{"rendered":"<div class=\"wp-block-stackable-text stk-block-text stk-block stk-e50b773\" data-block-id=\"e50b773\"><p class=\"stk-block-text__text\">Der Verband hat zum Ziel, in seinem Wirkungsbereich die wirtschaftliche Lage der Landwirtschaft, insbesondere der Milchwirtschaft, durch eine sinnvolle Verwertung von Milch und Milchprodukten zu verbessern, um einen Milchpreis zu erzielen, der die Produktionskosten deckt und dem N\u00e4hrwert der Milch entspricht.<\/p><\/div>\n\n\n\n<div class=\"wp-block-stackable-columns alignfull stk-block-columns stk-block stk-9522b2d\" data-block-id=\"9522b2d\"><style>.stk-9522b2d .stk--block-align-9522b2d{align-items:stretch !important;}.stk-9522b2d {margin-top:var(--stk--preset--spacing--medium, clamp(1.5rem, 4vw, 2rem)) !important;margin-bottom:var(--stk--preset--spacing--none, 0px) !important;top:-20px !important;}.stk-9522b2d-column{--stk-columns-spacing:var(--stk--preset--spacing--none, 0px) !important;--stk-column-gap:var(--stk--preset--spacing--medium, clamp(1.5rem, 4vw, 2rem)) !important;row-gap:var(--stk--preset--spacing--none, 0px) !important;}<\/style><div class=\"stk-row stk-inner-blocks stk--block-align-9522b2d stk-block-content stk-content-align stk-9522b2d-column alignwide\">\n<div class=\"wp-block-stackable-column stk-block-column stk-column stk-block stk-4f7e7e8 stk-block-background stk--has-background-overlay\" data-v=\"4\" data-block-id=\"4f7e7e8\"><style>.stk-4f7e7e8 {align-self:stretch !important;background-image:url(https:\/\/fsfl.geekdesign.ch\/wp-content\/uploads\/2025\/08\/vache2-scaled.jpg) !important;align-items:flex-start !important;max-width:100% !important;min-width:auto !important;display:flex !important;}@media screen and (min-width: 768px){.stk-4f7e7e8 {flex:var(--stk-flex-grow, 1) 1 calc(33.333% - var(--stk-column-gap, 0px) * 1 \/ 2 ) !important;}}<\/style><div class=\"stk-column-wrapper stk-block-column__content stk-container stk-4f7e7e8-container stk--no-background stk--no-padding\"><div class=\"stk-block-content stk-inner-blocks stk-4f7e7e8-inner-blocks\"><\/div><\/div><\/div>\n\n\n\n<div class=\"wp-block-stackable-column stk-block-column stk-column stk-block stk-4eabe43\" data-v=\"4\" data-block-id=\"4eabe43\"><style>.stk-4eabe43 {margin-top:var(--stk--preset--spacing--none, 0px) !important;}@media screen and (min-width: 768px){.stk-4eabe43 {flex:var(--stk-flex-grow, 1) 1 calc(66.667% - var(--stk-column-gap, 0px) * 1 \/ 2 ) !important;}}<\/style><div class=\"stk-column-wrapper stk-block-column__content stk-container stk-4eabe43-container stk--no-background stk--no-padding\"><div class=\"stk-block-content stk-inner-blocks stk-4eabe43-inner-blocks\">\n<div class=\"wp-block-stackable-heading stk-block-heading stk-block-heading--v2 stk-block stk-abe4506\" id=\"heading-placeholder\" data-block-id=\"abe4506\"><style>.stk-abe4506 {margin-top:var(--stk--preset--spacing--none, 0px) !important;margin-bottom:var(--stk--preset--spacing--medium, clamp(1.5rem, 4vw, 2rem)) !important;}.stk-abe4506 .stk-block-heading__text{font-size:var(--stk--preset--font-size--medium, 1.75rem) !important;}@media screen and (max-width: 1023px){.stk-abe4506 .stk-block-heading__text{font-size:var(--stk--preset--font-size--medium, 1.75rem) !important;}}<\/style><h2 class=\"stk-block-heading__text\">Unsere T\u00e4tigkeitsbereiche<\/h2><\/div>\n\n\n\n<div class=\"wp-block-stackable-columns stk-block-columns stk-block stk-1a5a006\" data-block-id=\"1a5a006\"><div class=\"stk-row stk-inner-blocks stk-block-content stk-content-align stk-1a5a006-column\">\n<div class=\"wp-block-stackable-column stk-block-column stk-column stk-block stk-d03bb72\" data-v=\"4\" data-block-id=\"d03bb72\"><div class=\"stk-column-wrapper stk-block-column__content stk-container stk-d03bb72-container stk--no-background stk--no-padding\"><div class=\"stk-block-content stk-inner-blocks stk-d03bb72-inner-blocks\">\n<div class=\"wp-block-stackable-heading stk-block-heading stk-block-heading--v2 stk-block stk-0dbd93d\" id=\"title-1-placeholder\" data-block-id=\"0dbd93d\"><h3 class=\"stk-block-heading__text\">Vertretung der Produzenten<\/h3><\/div>\n\n\n\n<div class=\"wp-block-stackable-text stk-block-text stk-block stk-b46401a\" data-block-id=\"b46401a\"><p class=\"stk-block-text__text\">Der FMV nimmt an den kantonalen Verhandlungen \u00fcber den Milchpreis teil und vertritt die Interessen der Mitgliedsgesellschaften gegen\u00fcber den Landwirtschaftsbeh\u00f6rden.<\/p><\/div>\n<\/div><\/div><\/div>\n<\/div><\/div>\n\n\n\n<div class=\"wp-block-stackable-divider stk-block-divider stk-block stk-df643ed hr-diagonal\" data-block-id=\"df643ed\"><hr class=\"stk-block-divider__hr\"\/><\/div>\n\n\n\n<div class=\"wp-block-stackable-columns stk-block-columns stk-block stk-092af6b\" data-block-id=\"092af6b\"><div class=\"stk-row stk-inner-blocks stk-block-content stk-content-align stk-092af6b-column\">\n<div class=\"wp-block-stackable-column stk-block-column stk-column stk-block stk-add0e7e\" data-v=\"4\" data-block-id=\"add0e7e\"><div class=\"stk-column-wrapper stk-block-column__content stk-container stk-add0e7e-container stk--no-background stk--no-padding\"><div class=\"stk-block-content stk-inner-blocks stk-add0e7e-inner-blocks\">\n<div class=\"wp-block-stackable-heading stk-block-heading stk-block-heading--v2 stk-block stk-df79930\" id=\"title-2-placeholder\" data-block-id=\"df79930\"><h3 class=\"stk-block-heading__text\">Unterst\u00fctzung f\u00fcr K\u00e4sereigenossenschaften<\/h3><\/div>\n\n\n\n<div class=\"wp-block-stackable-text stk-block-text stk-block stk-420f8e3\" data-block-id=\"420f8e3\"><p class=\"stk-block-text__text\">Beratung, Begleitung, statutengem\u00e4sse Organisation: Der FMV begleitet ihre Mitglieder bei ihrer t\u00e4glichen Arbeit.<\/p><\/div>\n<\/div><\/div><\/div>\n<\/div><\/div>\n\n\n\n<div class=\"wp-block-stackable-divider stk-block-divider stk-block stk-35f9996 hr-diagonal\" data-block-id=\"35f9996\"><hr class=\"stk-block-divider__hr\"\/><\/div>\n\n\n\n<div class=\"wp-block-stackable-columns stk-block-columns stk-block stk-d60b6ba\" data-block-id=\"d60b6ba\"><div class=\"stk-row stk-inner-blocks stk-block-content stk-content-align stk-d60b6ba-column\">\n<div class=\"wp-block-stackable-column stk-block-column stk-column stk-block stk-f40debe\" data-v=\"4\" data-block-id=\"f40debe\"><div class=\"stk-column-wrapper stk-block-column__content stk-container stk-f40debe-container stk--no-background stk--no-padding\"><div class=\"stk-block-content stk-inner-blocks stk-f40debe-inner-blocks\">\n<div class=\"wp-block-stackable-heading stk-block-heading stk-block-heading--v2 stk-block stk-335d113\" id=\"title-3-placeholder\" data-block-id=\"335d113\"><h3 class=\"stk-block-heading__text\">Ausbildung &amp; Weitergabe<\/h3><\/div>\n\n\n\n<div class=\"wp-block-stackable-text stk-block-text stk-block stk-25d78b1\" data-block-id=\"25d78b1\"><p class=\"stk-block-text__text\">Sie f\u00f6rdert den Nachwuchs durch Sensibilisierungsmassnahmen, Schulungen und eine enge Verbindung zu jungen Menschen aus der Landwirtschaft.<\/p><\/div>\n<\/div><\/div><\/div>\n<\/div><\/div>\n<\/div><\/div><\/div>\n<\/div><\/div>\n\n\n\n<div class=\"wp-block-stackable-heading stk-block-heading stk-block-heading--v2 stk-block stk-ebdc9a6\" id=\"title-2-placeholder\" data-block-id=\"ebdc9a6\"><h3 class=\"stk-block-heading__text\">Aufgaben des Verbandes<\/h3><\/div>\n\n\n\n<div class=\"wp-block-stackable-text stk-block-text stk-block stk-e507d1f\" data-block-id=\"e507d1f\"><p class=\"stk-block-text__text\">Die Organisation verwaltet die Milchmengen aller Produzentinnen und Produzenten in Ihrem Umkreis sowie der Mitglieder von Vereinigungen und Gruppierungen. Sie trifft dazu die notwendigen Entscheidungen unter Einhaltung des Milchmengen- und Sanktionsreglements.<\/p><\/div>\n\n\n\n<div class=\"wp-block-stackable-text stk-block-text stk-block stk-cb42b35\" data-block-id=\"cb42b35\"><p class=\"stk-block-text__text\">Sie arbeitet mit Produzentenvereinigungen und-gruppierungen, Verarbeitern und Sortenorganisationen zusammen und teilt ihren Mitgliedern Informationen und Entscheidungen mit.<\/p><\/div>\n\n\n\n<div class=\"wp-block-stackable-text stk-block-text stk-block stk-31d8de1\" data-block-id=\"31d8de1\"><p class=\"stk-block-text__text\">Der FMV ist Mitglied der BO Milch und beteiligt sich an verschiedenen Arbeitsgruppen zu zahlreichen Themen. Es war der FMV, der es den Molkereimilchproduzenten in der ganzen Schweiz erm\u00f6glicht hat, 0.9 Rp.\/kg Milch aus dem Fonds f\u00fcr die Fettregulierung behalten zu k\u00f6nnen. Auch die neue L\u00f6sung Proteinunterst\u00fctzungsbox (MPC-Box) geht auf einen Vorschlag von Cremo und dem FMV zur\u00fcck.<\/p><\/div>\n\n\n\n<div class=\"wp-block-stackable-text stk-block-text stk-block stk-ba49c52\" data-block-id=\"ba49c52\"><p class=\"stk-block-text__text\">Der FMV ist im SMP-Fachgremium \"Marketing\" vertreten und beteiligt sich somit aktiv an der F\u00f6rderung von Milchprodukten, deren Verkauf die \u00dcbernahme der inl\u00e4ndischen Milchproduktion garantiert.<\/p><\/div>\n\n\n\n<div class=\"wp-block-stackable-text stk-block-text stk-block stk-7469d5a\" data-block-id=\"7469d5a\"><p class=\"stk-block-text__text\">Der FMV ist Mitglied der SMP-Kommission \"K\u00e4sereimilch\" und nimmt aktiv an den Debatten teil.<\/p><\/div>\n\n\n\n<div class=\"wp-block-stackable-text stk-block-text stk-block stk-bf3d1ca\" data-block-id=\"bf3d1ca\"><p class=\"stk-block-text__text\">Der FMV ist in den Vorst\u00e4nden der IPG und der IPVF vertreten. Er unterst\u00fctzt im Produzentenkollegium die Interessen ihrer Mitglieder.<\/p><\/div>\n\n\n\n<div class=\"wp-block-stackable-text stk-block-text stk-block stk-8e6b914\" data-block-id=\"8e6b914\"><p class=\"stk-block-text__text\">Der FMV beteiligt sich zusammen mit den anderen Westschweizer Verb\u00e4nden an der Ausarbeitung des von der AFR und Fromarte vorgeschlagenen Milchkaufvertrags. Auch hier verteidigt er die Interessen Ihrer Mitglieder, zusammen mit den Genossenschaften, die dies w\u00fcnschen, erarbeitet er die Abfassung des Kaufvertrags mit dem K\u00e4ser aus.<\/p><\/div>\n\n\n\n<div class=\"wp-block-stackable-text stk-block-text stk-block stk-227dc77\" data-block-id=\"227dc77\"><p class=\"stk-block-text__text\">Der FMV \u00fcbernimmt das Sekretariat der vier Organisationen der Molkereimilchproduzenten, welche dem FMV angeh\u00f6ren.<\/p><\/div>\n\n\n\n<ul class=\"wp-block-list\" data-block-type=\"core\">\n<li data-block-type=\"core\">VMC (Produzenten Cremo)<\/li>\n\n\n\n<li data-block-type=\"core\">APLM (Produzenten Milco)<\/li>\n\n\n\n<li data-block-type=\"core\">APLN (Produzenten Nestl\u00e9 Broc) <\/li>\n\n\n\n<li data-block-type=\"core\">APLE (Produzenten Elsa) <\/li>\n<\/ul>\n\n\n\n<div class=\"wp-block-stackable-text stk-block-text stk-block stk-2cb3793\" data-block-id=\"2cb3793\"><p class=\"stk-block-text__text\">Die Direktion des FMV ist bei allen Preisverhandlungen mit den Milchk\u00e4ufern anwesend und unterst\u00fctzt sie in Ihren Erwartungen. Sie steht auch regelm\u00e4ssig in Kontakt mit der Gesch\u00e4ftsf\u00fchrung der milchabnehmenden Unternehmen, um seine Mitglieder zu unterst\u00fctzen. <\/p><\/div>\n\n\n\n<div class=\"wp-block-stackable-text stk-block-text stk-block stk-c2245cf\" data-block-id=\"c2245cf\"><p class=\"stk-block-text__text\">Jede K\u00e4sereigenossenschaft, die dies w\u00fcnscht, kann sich vom FMV zu verschiedenen Themen beraten lassen, er:<\/p><\/div>\n\n\n\n<ul class=\"wp-block-list\" data-block-type=\"core\">\n<li data-block-type=\"core\">unterst\u00fctzt bei der Verteilung der Milchmengen Innerhalb der Genossenschaft und setzt dabei das Milchmengen- und Sanktionsreglement durch, das von Milchproduzenten f\u00fcr die Milchproduzenten ausgearbeitet wurde;<\/li>\n\n\n\n<li data-block-type=\"core\">schlichtet Konflikte zwischen K\u00e4ser und K\u00e4sereigenossenschaft;<\/li>\n\n\n\n<li data-block-type=\"core\">hilft bei der Berechnung der Mietkosten f\u00fcr die K\u00e4serei;<\/li>\n\n\n\n<li data-block-type=\"core\">erstellt Finanzierungspl\u00e4ne f\u00fcr Renovierungsarbeiten oder Neubauten;<\/li>\n\n\n\n<li data-block-type=\"core\">vertritt die gemeinsamen Interessen der K\u00e4sereigenossenschaft;<\/li>\n\n\n\n<li data-block-type=\"core\">unterst\u00fctzt bei der Ausarbeitung von Regelungen innerhalb der K\u00e4sereigenossenschaft;<\/li>\n\n\n\n<li data-block-type=\"core\">verwaltet die Unterlagen f\u00fcr Fusionen oder Liquidationen von Genossenschaften;<\/li>\n\n\n\n<li data-block-type=\"core\">f\u00fchrt die B\u00fcchhaltung der K\u00e4sereigenossenschaften.<\/li>\n<\/ul>","protected":false},"excerpt":{"rendered":"<p>La F\u00e9d\u00e9ration a pour but d\u2019am\u00e9liorer, dans son rayon d\u2019action, la situation \u00e9conomique de l\u2019agriculture, en particulier de l\u2019\u00e9conomie laiti\u00e8re, par une mise en valeur judicieuse du lait et des produits laitiers afin d\u2019obtenir un prix du lait couvrant les frais de production et correspondant \u00e0 sa valeur nutritive. Nos domaines d\u2019action Repr\u00e9sentation des producteurs [&hellip;]<\/p>","protected":false},"author":1,"featured_media":1530,"parent":0,"menu_order":0,"comment_status":"closed","ping_status":"closed","template":"page-with-sidebar","meta":{"_acf_changed":false,"inline_featured_image":false,"footnotes":""},"class_list":["post-213","page","type-page","status-publish","has-post-thumbnail","hentry"],"acf":[],"mb":[],"mfb_rest_fields":["title"],"_links":{"self":[{"href":"https:\/\/fsfl.geekdesign.ch\/de\/wp-json\/wp\/v2\/pages\/213","targetHints":{"allow":["GET"]}}],"collection":[{"href":"https:\/\/fsfl.geekdesign.ch\/de\/wp-json\/wp\/v2\/pages"}],"about":[{"href":"https:\/\/fsfl.geekdesign.ch\/de\/wp-json\/wp\/v2\/types\/page"}],"author":[{"embeddable":true,"href":"https:\/\/fsfl.geekdesign.ch\/de\/wp-json\/wp\/v2\/users\/1"}],"replies":[{"embeddable":true,"href":"https:\/\/fsfl.geekdesign.ch\/de\/wp-json\/wp\/v2\/comments?post=213"}],"version-history":[{"count":16,"href":"https:\/\/fsfl.geekdesign.ch\/de\/wp-json\/wp\/v2\/pages\/213\/revisions"}],"predecessor-version":[{"id":1906,"href":"https:\/\/fsfl.geekdesign.ch\/de\/wp-json\/wp\/v2\/pages\/213\/revisions\/1906"}],"wp:featuredmedia":[{"embeddable":true,"href":"https:\/\/fsfl.geekdesign.ch\/de\/wp-json\/wp\/v2\/media\/1530"}],"wp:attachment":[{"href":"https:\/\/fsfl.geekdesign.ch\/de\/wp-json\/wp\/v2\/media?parent=213"}],"curies":[{"name":"wp","href":"https:\/\/api.w.org\/{rel}","templated":true}]}}