{"id":1123,"date":"2025-08-03T20:20:36","date_gmt":"2025-08-03T20:20:36","guid":{"rendered":"https:\/\/fsfl.geekdesign.ch\/?page_id=1123"},"modified":"2025-08-03T20:44:44","modified_gmt":"2025-08-03T20:44:44","slug":"equipe","status":"publish","type":"page","link":"https:\/\/fsfl.geekdesign.ch\/de\/equipe\/","title":{"rendered":"Team"},"content":{"rendered":"<div class=\"wp-block-stackable-text stk-block-text stk-block stk-42ff0f9\" data-block-id=\"42ff0f9\"><p class=\"stk-block-text__text\">Der Freiburgischer Milchverband st\u00fctzt sich auf ein engagiertes Team, das sich aus Produzenten, Milchfachleuten und Verwaltungsmitarbeitern zusammensetzt. Jeder bringt seine Kompetenzen in den Dienst der Freiburger K\u00e4sereigenossenschaften ein.<\/p><\/div>\n\n\n\n<div class=\"wp-block-query is-layout-flow wp-block-query-is-layout-flow\" data-block-type=\"core\"><ul class=\"wp-block-post-template is-layout-flow wp-block-post-template-is-layout-flow\" data-block-type=\"core\"><li class=\"wp-block-post post-1121 collaborateurs type-collaborateurs status-publish hentry\">\n\n<div class=\"wp-block-stackable-columns stk-block-columns stk-block stk-bedf4a1\" data-block-id=\"bedf4a1\" data-block-type=\"core\"><div class=\"stk-row stk-inner-blocks stk-block-content stk-content-align stk-bedf4a1-column\">\n<div class=\"wp-block-stackable-column stk-block-column stk-column stk-block stk-2c6c90e\" data-v=\"4\" data-block-id=\"2c6c90e\"><style>@media screen and (min-width: 768px){.stk-2c6c90e {flex:var(--stk-flex-grow, 1) 1 calc(70% - var(--stk-column-gap, 0px) * 1 \/ 2 ) !important;}}<\/style><div class=\"stk-column-wrapper stk-block-column__content stk-container stk-2c6c90e-container stk--no-background stk--no-padding\"><div class=\"stk-block-content stk-inner-blocks stk-2c6c90e-inner-blocks\"><h2 class=\"wp-block-post-title\" data-block-type=\"core\">Brodard Andr\u00e9<\/h2>\n\n\n<div class=\"wp-block-stackable-heading stk-block-heading stk-block-heading--v2 stk-block stk-d32defe\" id=\"span-data-stk-dynamic-current-page-fonction-contenteditable-false-class-stk-dynamic-content-directeur-span\" data-block-id=\"d32defe\"><h6 class=\"stk-block-heading__text\">Directeur (100%)<\/h6><\/div>\n\n\n\n<div class=\"wp-block-stackable-text stk-block-text stk-block stk-9485b56\" data-block-id=\"9485b56\"><p class=\"stk-block-text__text\"><ul>\n<li>Globale F\u00fchrung des FMV<\/li>\n<li>\u00dcberpr\u00fcfung der Statuten, Sanierungen der K\u00e4sereien<\/li>\n<li>Liquidationen der Milchgenossenschaften, Steuerprobleme<\/li>\n<li>Verhandlung des Milchpreises (Assistenz und Sekretariat der Verhandlungsgruppen)<\/li>\n<li>Vertretung des FMV in anderen Unternehmen oder Organisationen<\/li>\n<\/ul>\n<\/p><\/div>\n<\/div><\/div><\/div>\n\n\n\n<div class=\"wp-block-stackable-column stk-block-column stk-column stk-block stk-0577545\" data-v=\"4\" data-block-id=\"0577545\"><style>@media screen and (min-width: 768px){.stk-0577545 {flex:var(--stk-flex-grow, 1) 1 calc(30% - var(--stk-column-gap, 0px) * 1 \/ 2 ) !important;}}<\/style><div class=\"stk-column-wrapper stk-block-column__content stk-container stk-0577545-container stk--no-background stk--no-padding\"><div class=\"stk-block-content stk-inner-blocks stk-0577545-inner-blocks\">\n<div class=\"wp-block-stackable-text stk-block-text stk-block stk-d9c6dc3\" data-block-id=\"d9c6dc3\"><p class=\"stk-block-text__text has-text-align-right\">abrodard@fsfl.ch<\/p><\/div>\n<\/div><\/div><\/div>\n<\/div><\/div>\n\n\n\n<div class=\"wp-block-stackable-divider stk-block-divider stk-block stk-e973eca\" data-block-id=\"e973eca\"><style>.stk-e973eca hr.stk-block-divider__hr{background:#24272b !important;width:100% !important;}<\/style><hr class=\"stk-block-divider__hr\"\/><\/div>\n\n<\/li><li class=\"wp-block-post post-1122 collaborateurs type-collaborateurs status-publish hentry\">\n\n<div class=\"wp-block-stackable-columns stk-block-columns stk-block stk-4q4a0ma\" data-block-id=\"4q4a0ma\" data-block-type=\"core\"><div class=\"stk-row stk-inner-blocks stk-block-content stk-content-align stk-4q4a0ma-column\">\n<div class=\"wp-block-stackable-column stk-block-column stk-column stk-block stk-glh59aw\" data-v=\"4\" data-block-id=\"glh59aw\"><style>@media screen and (min-width: 768px){.stk-glh59aw {flex:var(--stk-flex-grow, 1) 1 calc(70% - var(--stk-column-gap, 0px) * 1 \/ 2 ) !important;}}<\/style><div class=\"stk-column-wrapper stk-block-column__content stk-container stk-glh59aw-container stk--no-background stk--no-padding\"><div class=\"stk-block-content stk-inner-blocks stk-glh59aw-inner-blocks\"><h2 class=\"wp-block-post-title\" data-block-type=\"core\">Chevalley Sandra<\/h2>\n\n\n<div class=\"wp-block-stackable-heading stk-block-heading stk-block-heading--v2 stk-block stk-ka401uo\" id=\"span-data-stk-dynamic-current-page-fonction-contenteditable-false-class-stk-dynamic-content-directeur-span\" data-block-id=\"ka401uo\"><h6 class=\"stk-block-heading__text\">Buchhalterin (40 %) <\/h6><\/div>\n\n\n\n<div class=\"wp-block-stackable-text stk-block-text stk-block stk-blckqut\" data-block-id=\"blckqut\"><p class=\"stk-block-text__text\"><ul>\n<li>Buchhaltung des FMV, Einnahme der Beitr\u00e4ge der SMP und BO Milch, Mitgliederbeitr\u00e4ge<\/li>\n<li>Buchhaltung der VMC<\/li>\n<li>Buchhaltungsabschl\u00fcsse der K\u00e4sereigenossenschaften<\/li>\n<\/ul>\n<\/p><\/div>\n<\/div><\/div><\/div>\n\n\n\n<div class=\"wp-block-stackable-column stk-block-column stk-column stk-block stk-jm7ycir\" data-v=\"4\" data-block-id=\"jm7ycir\"><style>@media screen and (min-width: 768px){.stk-jm7ycir {flex:var(--stk-flex-grow, 1) 1 calc(30% - var(--stk-column-gap, 0px) * 1 \/ 2 ) !important;}}<\/style><div class=\"stk-column-wrapper stk-block-column__content stk-container stk-jm7ycir-container stk--no-background stk--no-padding\"><div class=\"stk-block-content stk-inner-blocks stk-jm7ycir-inner-blocks\">\n<div class=\"wp-block-stackable-text stk-block-text stk-block stk-uwa4x8j\" data-block-id=\"uwa4x8j\"><p class=\"stk-block-text__text has-text-align-right\">schevalley@fsfl.ch<\/p><\/div>\n<\/div><\/div><\/div>\n<\/div><\/div>\n\n\n\n<div class=\"wp-block-stackable-divider stk-block-divider stk-block stk-7136oa8\" data-block-id=\"7136oa8\"><style>.stk-7136oa8 hr.stk-block-divider__hr{background:#24272b !important;width:100% !important;}<\/style><hr class=\"stk-block-divider__hr\"\/><\/div>\n\n<\/li><li class=\"wp-block-post post-1435 collaborateurs type-collaborateurs status-publish hentry\">\n\n<div class=\"wp-block-stackable-columns stk-block-columns stk-block stk-uf1zz3f\" data-block-id=\"uf1zz3f\" data-block-type=\"core\"><div class=\"stk-row stk-inner-blocks stk-block-content stk-content-align stk-uf1zz3f-column\">\n<div class=\"wp-block-stackable-column stk-block-column stk-column stk-block stk-x4xr11i\" data-v=\"4\" data-block-id=\"x4xr11i\"><style>@media screen and (min-width: 768px){.stk-x4xr11i {flex:var(--stk-flex-grow, 1) 1 calc(70% - var(--stk-column-gap, 0px) * 1 \/ 2 ) !important;}}<\/style><div class=\"stk-column-wrapper stk-block-column__content stk-container stk-x4xr11i-container stk--no-background stk--no-padding\"><div class=\"stk-block-content stk-inner-blocks stk-x4xr11i-inner-blocks\"><h2 class=\"wp-block-post-title\" data-block-type=\"core\">Di Caprio Chevalier Raffaela<\/h2>\n\n\n<div class=\"wp-block-stackable-heading stk-block-heading stk-block-heading--v2 stk-block stk-g5wgiqy\" id=\"span-data-stk-dynamic-current-page-fonction-contenteditable-false-class-stk-dynamic-content-directeur-span\" data-block-id=\"g5wgiqy\"><h6 class=\"stk-block-heading__text\">Mitarbeiterin (60 %)<\/h6><\/div>\n\n\n\n<div class=\"wp-block-stackable-text stk-block-text stk-block stk-u09pdhn\" data-block-id=\"u09pdhn\"><p class=\"stk-block-text__text\"><ul>\n<li>Verantwortliche HR<\/li>\n<li>Milchmengenmanagement<\/li>\n<li>Beratung der Produzenten f\u00fcr den \ndeutschsprachigen Teil<\/li>\n<li>\u00dcbersetzungen und diverse administrative Aufgaben<\/li>\n<\/ul>\n<\/p><\/div>\n<\/div><\/div><\/div>\n\n\n\n<div class=\"wp-block-stackable-column stk-block-column stk-column stk-block stk-rcdphji\" data-v=\"4\" data-block-id=\"rcdphji\"><style>@media screen and (min-width: 768px){.stk-rcdphji {flex:var(--stk-flex-grow, 1) 1 calc(30% - var(--stk-column-gap, 0px) * 1 \/ 2 ) !important;}}<\/style><div class=\"stk-column-wrapper stk-block-column__content stk-container stk-rcdphji-container stk--no-background stk--no-padding\"><div class=\"stk-block-content stk-inner-blocks stk-rcdphji-inner-blocks\">\n<div class=\"wp-block-stackable-text stk-block-text stk-block stk-oavw3aq\" data-block-id=\"oavw3aq\"><p class=\"stk-block-text__text has-text-align-right\">rdicaprio@fsfl.ch<\/p><\/div>\n<\/div><\/div><\/div>\n<\/div><\/div>\n\n\n\n<div class=\"wp-block-stackable-divider stk-block-divider stk-block stk-mgzpvi9\" data-block-id=\"mgzpvi9\"><style>.stk-mgzpvi9 hr.stk-block-divider__hr{background:#24272b !important;width:100% !important;}<\/style><hr class=\"stk-block-divider__hr\"\/><\/div>\n\n<\/li><li class=\"wp-block-post post-1436 collaborateurs type-collaborateurs status-publish hentry\">\n\n<div class=\"wp-block-stackable-columns stk-block-columns stk-block stk-xdbgkrp\" data-block-id=\"xdbgkrp\" data-block-type=\"core\"><div class=\"stk-row stk-inner-blocks stk-block-content stk-content-align stk-xdbgkrp-column\">\n<div class=\"wp-block-stackable-column stk-block-column stk-column stk-block stk-i9016fl\" data-v=\"4\" data-block-id=\"i9016fl\"><style>@media screen and (min-width: 768px){.stk-i9016fl {flex:var(--stk-flex-grow, 1) 1 calc(70% - var(--stk-column-gap, 0px) * 1 \/ 2 ) !important;}}<\/style><div class=\"stk-column-wrapper stk-block-column__content stk-container stk-i9016fl-container stk--no-background stk--no-padding\"><div class=\"stk-block-content stk-inner-blocks stk-i9016fl-inner-blocks\"><h2 class=\"wp-block-post-title\" data-block-type=\"core\">Gapany Martine<\/h2>\n\n\n<div class=\"wp-block-stackable-heading stk-block-heading stk-block-heading--v2 stk-block stk-syk5uin\" id=\"span-data-stk-dynamic-current-page-fonction-contenteditable-false-class-stk-dynamic-content-directeur-span\" data-block-id=\"syk5uin\"><h6 class=\"stk-block-heading__text\">Mitarbeiterin (50%)<\/h6><\/div>\n\n\n\n<div class=\"wp-block-stackable-text stk-block-text stk-block stk-ht6cqss\" data-block-id=\"ht6cqss\"><p class=\"stk-block-text__text\"><ul>\n<li>Generalsekretariat<\/li>\n<li>Beziehungen zum Handelsregisteramt des Kantons Freiburg<\/li>\n<li>Unterst\u00fctzung bei Aufl\u00f6sungen und \u00c4nderungen der K\u00e4sereigenossenschaften<\/li>\n<li>Protokoll Delegiertenversammlung FMV+ VMC-Versammlung<\/li>\n<li>Buchhaltung der K\u00e4sereigenossenschaften (Assistenz)<\/li>\n<li>Entsch\u00e4digungen<\/li>\n<\/ul>\n<\/p><\/div>\n<\/div><\/div><\/div>\n\n\n\n<div class=\"wp-block-stackable-column stk-block-column stk-column stk-block stk-5ul303o\" data-v=\"4\" data-block-id=\"5ul303o\"><style>@media screen and (min-width: 768px){.stk-5ul303o {flex:var(--stk-flex-grow, 1) 1 calc(30% - var(--stk-column-gap, 0px) * 1 \/ 2 ) !important;}}<\/style><div class=\"stk-column-wrapper stk-block-column__content stk-container stk-5ul303o-container stk--no-background stk--no-padding\"><div class=\"stk-block-content stk-inner-blocks stk-5ul303o-inner-blocks\">\n<div class=\"wp-block-stackable-text stk-block-text stk-block stk-08orbmn\" data-block-id=\"08orbmn\"><p class=\"stk-block-text__text has-text-align-right\">mgapagny@fsfl.ch<\/p><\/div>\n<\/div><\/div><\/div>\n<\/div><\/div>\n\n\n\n<div class=\"wp-block-stackable-divider stk-block-divider stk-block stk-8buetlg\" data-block-id=\"8buetlg\"><style>.stk-8buetlg hr.stk-block-divider__hr{background:#24272b !important;width:100% !important;}<\/style><hr class=\"stk-block-divider__hr\"\/><\/div>\n\n<\/li><li class=\"wp-block-post post-1437 collaborateurs type-collaborateurs status-publish hentry\">\n\n<div class=\"wp-block-stackable-columns stk-block-columns stk-block stk-zbveq36\" data-block-id=\"zbveq36\" data-block-type=\"core\"><div class=\"stk-row stk-inner-blocks stk-block-content stk-content-align stk-zbveq36-column\">\n<div class=\"wp-block-stackable-column stk-block-column stk-column stk-block stk-dh9bfvt\" data-v=\"4\" data-block-id=\"dh9bfvt\"><style>@media screen and (min-width: 768px){.stk-dh9bfvt {flex:var(--stk-flex-grow, 1) 1 calc(70% - var(--stk-column-gap, 0px) * 1 \/ 2 ) !important;}}<\/style><div class=\"stk-column-wrapper stk-block-column__content stk-container stk-dh9bfvt-container stk--no-background stk--no-padding\"><div class=\"stk-block-content stk-inner-blocks stk-dh9bfvt-inner-blocks\"><h2 class=\"wp-block-post-title\" data-block-type=\"core\">Geneux Sophie<\/h2>\n\n\n<div class=\"wp-block-stackable-heading stk-block-heading stk-block-heading--v2 stk-block stk-lmjcgxy\" id=\"span-data-stk-dynamic-current-page-fonction-contenteditable-false-class-stk-dynamic-content-directeur-span\" data-block-id=\"lmjcgxy\"><h6 class=\"stk-block-heading__text\">Mitarbeiterin (40 %)<\/h6><\/div>\n\n\n\n<div class=\"wp-block-stackable-text stk-block-text stk-block stk-gdmkt2y\" data-block-id=\"gdmkt2y\"><p class=\"stk-block-text__text\"><ul>\n<li>Generalsekretariat<\/li>\n<li>Protokollf\u00fchrung - Erstellung der Verwaltungsratssitzungen<\/li>\n<li>Unterhalt Homepage<\/li>\n<\/ul>\n<\/p><\/div>\n<\/div><\/div><\/div>\n\n\n\n<div class=\"wp-block-stackable-column stk-block-column stk-column stk-block stk-3jb4k6d\" data-v=\"4\" data-block-id=\"3jb4k6d\"><style>@media screen and (min-width: 768px){.stk-3jb4k6d {flex:var(--stk-flex-grow, 1) 1 calc(30% - var(--stk-column-gap, 0px) * 1 \/ 2 ) !important;}}<\/style><div class=\"stk-column-wrapper stk-block-column__content stk-container stk-3jb4k6d-container stk--no-background stk--no-padding\"><div class=\"stk-block-content stk-inner-blocks stk-3jb4k6d-inner-blocks\">\n<div class=\"wp-block-stackable-text stk-block-text stk-block stk-n0kuajt\" data-block-id=\"n0kuajt\"><p class=\"stk-block-text__text has-text-align-right\">sgeneux@fsfl.ch<\/p><\/div>\n<\/div><\/div><\/div>\n<\/div><\/div>\n\n\n\n<div class=\"wp-block-stackable-divider stk-block-divider stk-block stk-wkiarzl\" data-block-id=\"wkiarzl\"><style>.stk-wkiarzl hr.stk-block-divider__hr{background:#24272b !important;width:100% !important;}<\/style><hr class=\"stk-block-divider__hr\"\/><\/div>\n\n<\/li><li class=\"wp-block-post post-1438 collaborateurs type-collaborateurs status-publish hentry\">\n\n<div class=\"wp-block-stackable-columns stk-block-columns stk-block stk-udfs1b7\" data-block-id=\"udfs1b7\" data-block-type=\"core\"><div class=\"stk-row stk-inner-blocks stk-block-content stk-content-align stk-udfs1b7-column\">\n<div class=\"wp-block-stackable-column stk-block-column stk-column stk-block stk-7itqa5f\" data-v=\"4\" data-block-id=\"7itqa5f\"><style>@media screen and (min-width: 768px){.stk-7itqa5f {flex:var(--stk-flex-grow, 1) 1 calc(70% - var(--stk-column-gap, 0px) * 1 \/ 2 ) !important;}}<\/style><div class=\"stk-column-wrapper stk-block-column__content stk-container stk-7itqa5f-container stk--no-background stk--no-padding\"><div class=\"stk-block-content stk-inner-blocks stk-7itqa5f-inner-blocks\"><h2 class=\"wp-block-post-title\" data-block-type=\"core\">Wenger David<\/h2>\n\n\n<div class=\"wp-block-stackable-heading stk-block-heading stk-block-heading--v2 stk-block stk-e1feyw4\" id=\"span-data-stk-dynamic-current-page-fonction-contenteditable-false-class-stk-dynamic-content-directeur-span\" data-block-id=\"e1feyw4\"><h6 class=\"stk-block-heading__text\">Mitarbeiter (100%)<\/h6><\/div>\n\n\n\n<div class=\"wp-block-stackable-text stk-block-text stk-block stk-hp34buw\" data-block-id=\"hp34buw\"><p class=\"stk-block-text__text\"><ul>\n<li>Verantwortlicher Milchmengenmanagement<\/li>\n<li>Beratung der Produzenten f\u00fcr den \nfranz\u00f6sischsprachigen Teil<\/li>\n<li>Buchhaltung der K\u00e4sereigenossenschaften (Assistenz)<\/li>\n<li>Rechnungsstellung der Mitgliederbeitr\u00e4ge<\/li>\n<\/ul>\n<\/p><\/div>\n<\/div><\/div><\/div>\n\n\n\n<div class=\"wp-block-stackable-column stk-block-column stk-column stk-block stk-h10kc7a\" data-v=\"4\" data-block-id=\"h10kc7a\"><style>@media screen and (min-width: 768px){.stk-h10kc7a {flex:var(--stk-flex-grow, 1) 1 calc(30% - var(--stk-column-gap, 0px) * 1 \/ 2 ) !important;}}<\/style><div class=\"stk-column-wrapper stk-block-column__content stk-container stk-h10kc7a-container stk--no-background stk--no-padding\"><div class=\"stk-block-content stk-inner-blocks stk-h10kc7a-inner-blocks\">\n<div class=\"wp-block-stackable-text stk-block-text stk-block stk-dokec2u\" data-block-id=\"dokec2u\"><p class=\"stk-block-text__text has-text-align-right\">dwenger@fsfl.ch<\/p><\/div>\n<\/div><\/div><\/div>\n<\/div><\/div>\n\n\n\n<div class=\"wp-block-stackable-divider stk-block-divider stk-block stk-cfnsyzr\" data-block-id=\"cfnsyzr\"><style>.stk-cfnsyzr hr.stk-block-divider__hr{background:#24272b !important;width:100% !important;}<\/style><hr class=\"stk-block-divider__hr\"\/><\/div>\n\n<\/li><\/ul><\/div>","protected":false},"excerpt":{"rendered":"<p>Der Freiburgischer Milchverband st\u00fctzt sich auf ein engagiertes Team, das sich aus Produzenten, Milchfachleuten und Verwaltungsmitarbeitern zusammensetzt. Jeder bringt seine Kompetenzen in den Dienst der Freiburger K\u00e4sereigenossenschaften ein.<\/p>","protected":false},"author":1,"featured_media":1128,"parent":0,"menu_order":0,"comment_status":"closed","ping_status":"closed","template":"page-with-sidebar","meta":{"_acf_changed":false,"inline_featured_image":false,"footnotes":""},"class_list":["post-1123","page","type-page","status-publish","has-post-thumbnail","hentry"],"acf":[],"mb":[],"mfb_rest_fields":["title"],"_links":{"self":[{"href":"https:\/\/fsfl.geekdesign.ch\/de\/wp-json\/wp\/v2\/pages\/1123","targetHints":{"allow":["GET"]}}],"collection":[{"href":"https:\/\/fsfl.geekdesign.ch\/de\/wp-json\/wp\/v2\/pages"}],"about":[{"href":"https:\/\/fsfl.geekdesign.ch\/de\/wp-json\/wp\/v2\/types\/page"}],"author":[{"embeddable":true,"href":"https:\/\/fsfl.geekdesign.ch\/de\/wp-json\/wp\/v2\/users\/1"}],"replies":[{"embeddable":true,"href":"https:\/\/fsfl.geekdesign.ch\/de\/wp-json\/wp\/v2\/comments?post=1123"}],"version-history":[{"count":13,"href":"https:\/\/fsfl.geekdesign.ch\/de\/wp-json\/wp\/v2\/pages\/1123\/revisions"}],"predecessor-version":[{"id":1520,"href":"https:\/\/fsfl.geekdesign.ch\/de\/wp-json\/wp\/v2\/pages\/1123\/revisions\/1520"}],"wp:featuredmedia":[{"embeddable":true,"href":"https:\/\/fsfl.geekdesign.ch\/de\/wp-json\/wp\/v2\/media\/1128"}],"wp:attachment":[{"href":"https:\/\/fsfl.geekdesign.ch\/de\/wp-json\/wp\/v2\/media?parent=1123"}],"curies":[{"name":"wp","href":"https:\/\/api.w.org\/{rel}","templated":true}]}}