{"id":1018,"date":"2025-08-03T08:54:56","date_gmt":"2025-08-03T08:54:56","guid":{"rendered":"https:\/\/fsfl.geekdesign.ch\/?page_id=1018"},"modified":"2025-11-07T07:37:06","modified_gmt":"2025-11-07T07:37:06","slug":"historique","status":"publish","type":"page","link":"https:\/\/fsfl.geekdesign.ch\/de\/historique\/","title":{"rendered":"Geschichte"},"content":{"rendered":"<h2 class=\"wp-block-heading\" data-block-type=\"core\">Eine hundertj\u00e4hrige Organisation im Dienste der Freiburger Produzenten<\/h2>\n\n\n\n<div class=\"wp-block-stackable-text stk-block-text stk-block stk-3fb73ac\" data-block-id=\"3fb73ac\"><p class=\"stk-block-text__text\">\u00dcber 80 % der Milchproduzenten im Kanton Freiburg haben eine gemeinsame Dachorganisation: Der Freiburgische Milchverband (FMV) mit Sitz in Bulle.<\/p><\/div>\n\n\n\n<hr class=\"wp-block-separator has-alpha-channel-opacity\">\n\n\n\n<h2 class=\"wp-block-heading\" data-block-type=\"core\">Der Anfang (1915)<\/h2>\n\n\n\n<div class=\"wp-block-stackable-text stk-block-text stk-block stk-9687f97\" data-block-id=\"9687f97\"><p class=\"stk-block-text__text\">Die Grundlagen f\u00fcr diesen Berufsverband wurden am 13. Juni 1915 gelegt. Zu Beginn geh\u00f6rten ihm vierzig K\u00e4sereigenossenschaften an. Die neue Organisation mit dem Namen \u00abF\u00e9d\u00e9ration Zone de la Montagne\u00bb (Bergregion-Verband) hatte ihren Sitz in Bulle.<\/p><\/div>\n\n\n\n<div class=\"wp-block-stackable-text stk-block-text stk-block stk-8b0f5dc\" data-block-id=\"8b0f5dc\"><p class=\"stk-block-text__text\">Les producteurs du sud du canton, qui ont form\u00e9 la base de la f\u00e9d\u00e9ration, ont mis du temps \u00e0 s\u2019organiser. Il faut dire que 99 soci\u00e9t\u00e9s fribourgeoises, ainsi que celles de la partie al\u00e9manique du canton, avaient d\u00e9j\u00e0 rejoint d\u2019autres f\u00e9d\u00e9rations. L\u2019individualisme montagnard y est peut-\u00eatre pour quelque chose\u2026 mais le contexte \u00e9conomique, d\u00e9grad\u00e9 depuis le d\u00e9but de la Premi\u00e8re Guerre mondiale, poussait \u00e0 l\u2019union : le lait gruy\u00e9rien \u00e9tait alors l\u2019un des moins bien pay\u00e9s du pays.<\/p><\/div>\n\n\n\n<hr class=\"wp-block-separator has-alpha-channel-opacity\">\n\n\n\n<h2 class=\"wp-block-heading\" data-block-type=\"core\">Die ersten R\u00e4umlichkeiten<\/h2>\n\n\n\n<div class=\"wp-block-stackable-text stk-block-text stk-block stk-a84c9e0\" data-block-id=\"a84c9e0\"><p class=\"stk-block-text__text\">Die Geschichte des Verbandsb\u00fcros beginnt beim \"Syndicat agricole de la Gruy\u00e8re\", dem Arbeitsplatz von Louis Yerly, ihrem ersten Sekret\u00e4r.<\/p><\/div>\n\n\n\n<ul class=\"wp-block-list\" data-block-type=\"core\">\n<li data-block-type=\"core\"><strong>1943<\/strong> : Der Verband erwirbt mit dem Kauf des H\u00f4tel de l'Union endlich eigene R\u00e4umlichkeiten.<strong>H\u00f4tel de l\u2019Union<\/strong>, ein typisches Caf\u00e9 in Bulle, ein symboltr\u00e4chtiger Ort der Begegnung zwischen Produzenten.<\/li>\n\n\n\n<li data-block-type=\"core\"><strong>1971<\/strong> : Das H\u00f4tel de l\u2019Union wird verkauft.<\/li>\n\n\n\n<li data-block-type=\"core\"><strong>1971\u20131981<\/strong> : Der Verband ist vor\u00fcbergehend in der <strong>Rue de Vevey untergebracht<\/strong>.<\/li>\n\n\n\n<li data-block-type=\"core\"><strong>1981<\/strong> : Sie kauft das Geb\u00e4ude der <strong>Rue Rieter 9<\/strong>, Eigentum des \"Syndicat agricole de la Gruy\u00e8re\".<\/li>\n\n\n\n<li data-block-type=\"core\"><strong>Seit 2016<\/strong> : Der FMV hat seinen Sitz an der <strong>Route de Riaz 95 in Bulle<\/strong>im Anschluss an das Immobilienprojekt des neuen Bahnhofs.<\/li>\n<\/ul>\n\n\n\n<hr class=\"wp-block-separator has-alpha-channel-opacity\">\n\n\n\n<h2 class=\"wp-block-heading\" data-block-type=\"core\">Kriegszeiten und Krisen (1915\u20131945)<\/h2>\n\n\n\n<ul class=\"wp-block-list\" data-block-type=\"core\">\n<li data-block-type=\"core\"><strong>1915<\/strong> : Die Schweiz leidet Hunger.  \"L\u2019Union centrale des producteurs de lait\" zu der sich auch der FMV anschliesst, wird mit der Organisation der Milchverteilung beauftragt. Die Produzenten m\u00fcssen <strong>Milch<\/strong> in die St\u00e4dte liefern<\/li>\n\n\n\n<li data-block-type=\"core\"><strong>1916<\/strong> : Der FMV  beteiligt sich mit <strong>CHF 70&rsquo;000.-<\/strong> am Kapital der Fromage Gruy\u00e8re SA.<\/li>\n\n\n\n<li data-block-type=\"core\"><strong>1921\u20131932<\/strong> : Wirtschaftskrise, Einbruch der Exporte. Der Milchpreis bricht von <strong>35.5 bis zu 18 Rp.\/kg ein<\/strong>.<\/li>\n\n\n\n<li data-block-type=\"core\"><strong>1932\u20131940<\/strong> : Es werden <strong>Produktionseinschr\u00e4nkungen<\/strong> auferlegt.<\/li>\n\n\n\n<li data-block-type=\"core\"><strong>1939\u20131945<\/strong> : Der Zweite Weltkrieg ver\u00e4ndert die Lage: Die Bauernfamilien m\u00fcssen so viel wie m\u00f6glich produzieren. Die Nachfrage ist gesichert, aber die Preise bleiben unbefriedigend.<\/li>\n\n\n\n<li data-block-type=\"core\"><strong>1941<\/strong> : Aufkommen <strong>der Silage<\/strong> als F\u00fctterungsverfahren. Der Verband bleibt skeptisch, denn Silage passt nicht zu K\u00e4se.<\/li>\n<\/ul>\n\n\n\n<hr class=\"wp-block-separator has-alpha-channel-opacity\">\n\n\n\n<h2 class=\"wp-block-heading\" data-block-type=\"core\">Die Nachkriegszeit und das Landwirtschaftsgesetz<\/h2>\n\n\n\n<ul class=\"wp-block-list\" data-block-type=\"core\">\n<li data-block-type=\"core\"><strong>1950er-Jahre<\/strong> : Die Zufriedenheit bleibt trotz H\u00f6hen und Tiefen bescheiden. <strong>1951<\/strong>Verabschiedung des <strong>Landwirtschaftsgesetzes<\/strong>, das zur Stabilisierung der Lage beitr\u00e4gt.<\/li>\n<\/ul>\n\n\n\n<hr class=\"wp-block-separator has-alpha-channel-opacity\">\n\n\n\n<h2 class=\"wp-block-heading\" data-block-type=\"core\">Ein historischer Wendepunkt: Erweiterung und Namens\u00e4nderung<\/h2>\n\n\n\n<ul class=\"wp-block-list\" data-block-type=\"core\">\n<li data-block-type=\"core\"><strong>1. Januar 1973<\/strong> : 68 Vereine des F\u00e9d\u00e9ration vaudoise fribourgeoise Verbandes und 6 Vereine des L\u00e9man-Verbandes treten dem FMV bei.<br>\u2192 J\u00e4hrliche Milchlieferung von <strong>50 Mio. Kg. Milch<\/strong>.<br>\u2192 Die Produktion steigt von <strong>114 Millionen kg (1972) auf 165 Millionen kg (1973).<\/strong> \u00e0 <strong>165 mio kg (1973)<\/strong>.<\/li>\n\n\n\n<li data-block-type=\"core\"><strong>27. April 1981<\/strong> : Die<strong>Delegiertenversammlun in Vuadens<\/strong> beschliesst eine \u00c4nderung des Firmennamens.<br>\u2192 Die <strong>\"Bergzone\"<\/strong> wird zur <strong>Freiburgischer Milchverband<\/strong>was die geografische Realit\u00e4t besser widerspiegelt (2\/3 der Produktion stammen aus den Tal und H\u00fcgelzone).<\/li>\n<\/ul>\n\n\n\n<hr class=\"wp-block-separator has-alpha-channel-opacity\">\n\n\n\n<h2 class=\"wp-block-heading\" data-block-type=\"core\">Die Milchkontingentierung (1977\u20132009)<\/h2>\n\n\n\n<ul class=\"wp-block-list\" data-block-type=\"core\">\n<li data-block-type=\"core\"><strong>25. M\u00e4rz 1977<\/strong> : Der Bundesrat f\u00fchrt eine <strong>Milchkontingentierung<\/strong> ein, um die \u00dcberproduktion einzud\u00e4mmen.<\/li>\n\n\n\n<li data-block-type=\"core\">Dieser Mechanismus bleibt <strong>32 Jahre lang<\/strong>, bis zum <strong>1. Mai 2009, in Kraft.<\/strong>.<\/li>\n\n\n\n<li data-block-type=\"core\">Die Aufgabe des Verbandes bleibt unver\u00e4ndert, aber der <strong>Verwaltungsaufwand<\/strong> nimmt erheblich zu.<\/li>\n<\/ul>\n\n\n\n<hr class=\"wp-block-separator has-alpha-channel-opacity\">\n\n\n\n<h2 class=\"wp-block-heading\" data-block-type=\"core\">Engagement in der Marktwirtschaft<\/h2>\n\n\n\n<div class=\"wp-block-stackable-text stk-block-text stk-block stk-5df17f0\" data-block-id=\"5df17f0\"><p class=\"stk-block-text__text\">Der FMV engagiert sich durch strategische Beteiligungen :<\/p><\/div>\n\n\n\n<ul class=\"wp-block-list\" data-block-type=\"core\">\n<li data-block-type=\"core\"><strong>Cremo AG<\/strong><\/li>\n\n\n\n<li data-block-type=\"core\"><strong>Fromage Gruy\u00e8re AG<\/strong><\/li>\n\n\n\n<li data-block-type=\"core\"><strong>Vacherin Fribourgeois AG<\/strong><\/li>\n\n\n\n<li data-block-type=\"core\"><strong><strong>Soci\u00e9t\u00e9 coop\u00e9rative Laiterie de Gruy\u00e8res<\/strong><\/strong><\/li>\n\n\n\n<li data-block-type=\"core\"><strong>Swissmilk<\/strong><\/li>\n<\/ul>\n\n\n\n<div class=\"wp-block-stackable-text stk-block-text stk-block stk-07630f5\" data-block-id=\"07630f5\"><p class=\"stk-block-text__text\">1994 ger\u00e4t Cremo in eine schwere Krise. Der FMV greift ein, um das Unternehmen zu retten und gemeinsam mit den Produzenten zu rekapitalisieren. Cremo entgeht dem Zusammenbruch, im Gegensatz zur Swiss Dairy Food Gruppe im Jahr 2002. Dank einer neuen Unternehmensf\u00fchrung findet das Unternehmen wieder zu einer soliden Basis zur\u00fcck. <br><br>                                                                           <strong>  \u2192 Heute h\u00e4lt die FSFL 47 % des Aktienkapitals von Cremo<\/strong><br>                                                                       <strong>      \u2192 Sie besitzt asserdem 21 % der Fromage Gruy\u00e8re SA<\/strong><\/p><\/div>\n\n\n\n<hr class=\"wp-block-separator has-alpha-channel-opacity\">\n\n\n\n<h2 class=\"wp-block-heading\" data-block-type=\"core\">Das Gruy\u00e8re-Haus in Pringy<\/h2>\n\n\n\n<div class=\"wp-block-stackable-text stk-block-text stk-block stk-920ce2b\" data-block-id=\"920ce2b\"><p class=\"stk-block-text__text\">1999\u20132000 engagiert sich der FMV stark f\u00fcr die vollst\u00e4ndige Renovierung der Schauk\u00e4serei in Pringy.<br><br>                                                                            <strong>\u2192 Projekt unter der Leitung von Georges Godel (Pr\u00e4sident) und Cl\u00e9ment Moret (Direktor)<\/strong><\/p><\/div>\n\n\n\n<hr class=\"wp-block-separator has-alpha-channel-opacity\">\n\n\n\n<h2 class=\"wp-block-heading\" data-block-type=\"core\">Nach der Kontingentierung: Eine neue \u00c4ra<\/h2>\n\n\n\n<div class=\"wp-block-stackable-text stk-block-text stk-block stk-f36cb97\" data-block-id=\"f36cb97\"><p class=\"stk-block-text__text\">Am 1. Mai 2009 tritt der FMV in eine \u00c4ra der vertraglichen Mengenbewirtschaftung ein. Anstatt einem nationalen Pool beizutreten, entscheidet sie sich f\u00fcr die Beibehaltung der direkten Verbindung zwischen den Produzenten und dem Unternehmen Cremo.<\/p><\/div>\n\n\n\n<div class=\"wp-block-stackable-text stk-block-text stk-block stk-82b5d16\" data-block-id=\"82b5d16\"><p class=\"stk-block-text__text\">Diese Entscheidung, die von assen kritisiert wurde, f\u00fchrte zum Scheitern des Zusammenschlusses mit Waadt und Neuenburg.<br><br>                                                                           <strong> \u2192 Dennoch funktioniert das System: Im Jahr 2012 verwaltet der FMV 370 Millionen Kilogramm Milch f\u00fcr etwa 1'000 Produzenten (aus LOBAG und PROLAIT)<\/strong><\/p><\/div>\n\n\n\n<hr class=\"wp-block-separator has-alpha-channel-opacity\">\n\n\n\n<h2 class=\"wp-block-heading\" data-block-type=\"core\">Ein Jahrhundert Geschichte<\/h2>\n\n\n\n<div class=\"wp-block-stackable-text stk-block-text stk-block stk-26ced1d\" data-block-id=\"26ced1d\"><p class=\"stk-block-text__text\">Der Freiburgischer Milchverband feierte am 17. September 2015 sein 100-j\u00e4hriges Bestehen. Er ist stark in der Region verankert, spielt eine wichtige Rolle f\u00fcr die Produzenten und setzt sich kontinuierlich f\u00fcr die Aufwertung der Freiburger Milch ein.<\/p><\/div>\n\n\n\n<div class=\"wp-block-stackable-text stk-block-text stk-block stk-f9a52da\" data-block-id=\"f9a52da\"><p class=\"stk-block-text__text\"><\/p><\/div>","protected":false},"excerpt":{"rendered":"<p>Une organisation centenaire au service des producteurs fribourgeois Plus de 80 % des producteurs de lait du canton de Fribourg ont un chapeau commun : la F\u00e9d\u00e9ration des Soci\u00e9t\u00e9s Fribourgeoises de Laiterie (FSFL), dont le si\u00e8ge est \u00e0 Bulle. Les d\u00e9buts (1915) Les bases de cette organisation professionnelle ont \u00e9t\u00e9 jet\u00e9es le 13 juin 1915. [&hellip;]<\/p>","protected":false},"author":1,"featured_media":1476,"parent":0,"menu_order":0,"comment_status":"closed","ping_status":"closed","template":"","meta":{"_acf_changed":false,"inline_featured_image":false,"footnotes":""},"class_list":["post-1018","page","type-page","status-publish","has-post-thumbnail","hentry"],"acf":[],"mb":[],"mfb_rest_fields":["title"],"_links":{"self":[{"href":"https:\/\/fsfl.geekdesign.ch\/de\/wp-json\/wp\/v2\/pages\/1018","targetHints":{"allow":["GET"]}}],"collection":[{"href":"https:\/\/fsfl.geekdesign.ch\/de\/wp-json\/wp\/v2\/pages"}],"about":[{"href":"https:\/\/fsfl.geekdesign.ch\/de\/wp-json\/wp\/v2\/types\/page"}],"author":[{"embeddable":true,"href":"https:\/\/fsfl.geekdesign.ch\/de\/wp-json\/wp\/v2\/users\/1"}],"replies":[{"embeddable":true,"href":"https:\/\/fsfl.geekdesign.ch\/de\/wp-json\/wp\/v2\/comments?post=1018"}],"version-history":[{"count":8,"href":"https:\/\/fsfl.geekdesign.ch\/de\/wp-json\/wp\/v2\/pages\/1018\/revisions"}],"predecessor-version":[{"id":1904,"href":"https:\/\/fsfl.geekdesign.ch\/de\/wp-json\/wp\/v2\/pages\/1018\/revisions\/1904"}],"wp:featuredmedia":[{"embeddable":true,"href":"https:\/\/fsfl.geekdesign.ch\/de\/wp-json\/wp\/v2\/media\/1476"}],"wp:attachment":[{"href":"https:\/\/fsfl.geekdesign.ch\/de\/wp-json\/wp\/v2\/media?parent=1018"}],"curies":[{"name":"wp","href":"https:\/\/api.w.org\/{rel}","templated":true}]}}